{"id":6,"date":"2020-06-14T11:12:53","date_gmt":"2020-06-14T09:12:53","guid":{"rendered":"https:\/\/mephisto-exhaust.de\/WP\/?page_id=6"},"modified":"2020-06-14T11:57:28","modified_gmt":"2020-06-14T09:57:28","slug":"ueber-uns","status":"publish","type":"page","link":"https:\/\/mephisto-exhaust.de\/index.php\/ueber-uns\/","title":{"rendered":"\u00dcber uns"},"content":{"rendered":"\r\n<p>Wir sind ein junges Unternehmen, dass jedoch auf langj\u00e4hrige Erfahrung im Tuning und Auspuffbau zur\u00fcckblicken kann.<\/p>\r\n<p>Sollten wir ein Fahrzeug nicht im Angebot haben, k\u00f6nnt ihr euch gern bei uns melden, wir fertigen auch auf Kundenwunsch.<\/p>\r\n<p>Alles made in Germany!<\/p>\r\n<p>&nbsp;<\/p>\r\n","protected":false},"excerpt":{"rendered":"<p>Wir sind ein junges Unternehmen, dass jedoch auf langj\u00e4hrige Erfahrung im Tuning und Auspuffbau zur\u00fcckblicken kann. Sollten wir ein Fahrzeug nicht im Angebot haben, k\u00f6nnt ihr euch gern bei uns melden, wir fertigen auch auf Kundenwunsch. Alles made in Germany! &nbsp;<\/p>\n","protected":false},"author":1,"featured_media":0,"parent":0,"menu_order":0,"comment_status":"closed","ping_status":"closed","template":"","meta":[],"_links":{"self":[{"href":"https:\/\/mephisto-exhaust.de\/index.php\/wp-json\/wp\/v2\/pages\/6"}],"collection":[{"href":"https:\/\/mephisto-exhaust.de\/index.php\/wp-json\/wp\/v2\/pages"}],"about":[{"href":"https:\/\/mephisto-exhaust.de\/index.php\/wp-json\/wp\/v2\/types\/page"}],"author":[{"embeddable":true,"href":"https:\/\/mephisto-exhaust.de\/index.php\/wp-json\/wp\/v2\/users\/1"}],"replies":[{"embeddable":true,"href":"https:\/\/mephisto-exhaust.de\/index.php\/wp-json\/wp\/v2\/comments?post=6"}],"version-history":[{"count":3,"href":"https:\/\/mephisto-exhaust.de\/index.php\/wp-json\/wp\/v2\/pages\/6\/revisions"}],"predecessor-version":[{"id":40,"href":"https:\/\/mephisto-exhaust.de\/index.php\/wp-json\/wp\/v2\/pages\/6\/revisions\/40"}],"wp:attachment":[{"href":"https:\/\/mephisto-exhaust.de\/index.php\/wp-json\/wp\/v2\/media?parent=6"}],"curies":[{"name":"wp","href":"https:\/\/api.w.org\/{rel}","templated":true}]}}